{"id":16810,"date":"2025-12-23T06:54:20","date_gmt":"2025-12-23T06:54:20","guid":{"rendered":"https:\/\/www.consultoriatt.com\/?page_id=16810"},"modified":"2025-12-31T12:53:54","modified_gmt":"2025-12-31T12:53:54","slug":"servicios","status":"publish","type":"page","link":"https:\/\/www.consultoriatt.com\/es\/servicios\/","title":{"rendered":"SERVICIOS"},"content":{"rendered":"<div class=\"wpb-content-wrapper\"><p>[vc_row css_animation=\u00bb\u00bb row_type=\u00bbrow\u00bb use_row_as_full_screen_section=\u00bbno\u00bb type=\u00bbfull_width\u00bb angled_section=\u00bbno\u00bb text_align=\u00bbleft\u00bb background_image_as_pattern=\u00bbwithout_pattern\u00bb z_index=\u00bb\u00bb padding_bottom=\u00bb50&#8243;][vc_column][vc_single_image image=\u00bb16575&#8243; img_size=\u00bbfull\u00bb alignment=\u00bbcenter\u00bb css=\u00bb\u00bb qode_css_animation=\u00bb\u00bb][\/vc_column][\/vc_row][vc_row css_animation=\u00bb\u00bb row_type=\u00bbrow\u00bb use_row_as_full_screen_section=\u00bbno\u00bb type=\u00bbgrid\u00bb angled_section=\u00bbno\u00bb text_align=\u00bbleft\u00bb background_image_as_pattern=\u00bbwithout_pattern\u00bb padding_bottom=\u00bb75&#8243; z_index=\u00bb\u00bb css=\u00bb.vc_custom_1758873102283{margin-top: -20px !important;padding-top: -20px !important;background-color: #ffffff !important;}\u00bb][vc_column css=\u00bb.vc_custom_1758194804783{padding-right: 10% !important;}\u00bb][vc_column_text css=\u00bb\u00bb]<\/p>\n<h1>SERVICIOS<\/h1>\n<p>[\/vc_column_text][vc_empty_space height=\u00bb10&#8243;][vc_column_text css=\u00bb\u00bb]<\/p>\n<h2>Ingenier\u00eda, miner\u00eda, emergencias, prevenci\u00f3n de riesgos&#8230;<\/h2>\n<p>[\/vc_column_text][vc_empty_space height=\u00bb20&#8243;][vc_column_text css=\u00bb\u00bb]<a href=\"\/es\">INICIO<\/a> \/\/ SERVICIOS[\/vc_column_text][vc_separator type=\u00bbsmall\u00bb position=\u00bbleft\u00bb color=\u00bb#A51226&#8243; thickness=\u00bb4&#8243; width=\u00bb48&#8243; up=\u00bb20&#8243;][vc_row_inner row_type=\u00bbrow\u00bb type=\u00bbfull_width\u00bb text_align=\u00bbleft\u00bb css_animation=\u00bb\u00bb][vc_column_inner offset=\u00bbvc_hidden-xs\u00bb]<div class=\"custom_font_holder \" style=\" font-style: italic; font-weight: 400; color: #4D4D4D; text-decoration: none; text-align: left; --qode-cf-font-size: 20px; --qode-cf-line-height: 26px; --qode-cf-font-size-1440: 20px; --qode-cf-line-height-1440: 26px; --qode-cf-font-size-1366: 20px; --qode-cf-line-height-1366: 26px; --qode-cf-font-size-1280: 20px; --qode-cf-line-height-1280: 26px; --qode-cf-font-size-1024: 20px; --qode-cf-line-height-1024: 26px; --qode-cf-font-size-768: 20px; --qode-cf-line-height-768: 26px; --qode-cf-font-size-680: 20px; --qode-cf-line-height-680: 26px; --qode-cf-font-size-480: 20px; --qode-cf-line-height-480: 26px;\">En Consultor\u00eda T\u00e9cnica Transversal ofrecemos un conjunto completo de servicios orientados a garantizar la seguridad, el cumplimiento normativo y la eficiencia t\u00e9cnica en entornos industriales, mineros, municipales y empresariales. Trabajamos con una visi\u00f3n global que integra la prevenci\u00f3n de riesgos laborales, la gesti\u00f3n de la emergencia, la formaci\u00f3n especializada, la direcci\u00f3n t\u00e9cnica y ambiental de explotaciones mineras y la legalizaci\u00f3n de actividades e instalaciones. Nuestras soluciones se adaptan a cada cliente y combinan rigor t\u00e9cnico, experiencia y conocimiento profundizado de la legislaci\u00f3n vigente para asegurar resultados fiables, mensurables y duraderos. Desde el control de riesgos y la implantaci\u00f3n de sistemas preventivos hasta el desarrollo de Planes de Autoprotecci\u00f3n, informes t\u00e9cnicos, formaci\u00f3n operativa y gesti\u00f3n documental, acompa\u00f1amos a empresas y administraciones en todas las fases de sus proyectos. Nuestro objetivo es aportar tranquilidad, eficiencia y seguridad a trav\u00e9s de un servicio cercano, profesional y altamente especializado.<\/div>[\/vc_column_inner][\/vc_row_inner][vc_row_inner row_type=\u00bbrow\u00bb type=\u00bbfull_width\u00bb text_align=\u00bbleft\u00bb css_animation=\u00bb\u00bb][vc_column_inner offset=\u00bbvc_hidden-lg vc_hidden-md vc_hidden-sm\u00bb]<div class=\"custom_font_holder \" style=\" font-style: italic; font-weight: 400; color: #4D4D4D; text-decoration: none; text-align: left; --qode-cf-font-size: 15px; --qode-cf-line-height: 16px; --qode-cf-font-size-1440: 15px; --qode-cf-line-height-1440: 16px; --qode-cf-font-size-1366: 15px; --qode-cf-line-height-1366: 16px; --qode-cf-font-size-1280: 15px; --qode-cf-line-height-1280: 16px; --qode-cf-font-size-1024: 15px; --qode-cf-line-height-1024: 16px; --qode-cf-font-size-768: 15px; --qode-cf-line-height-768: 16px; --qode-cf-font-size-680: 15px; --qode-cf-line-height-680: 16px; --qode-cf-font-size-480: 15px; --qode-cf-line-height-480: 16px;\">En Consultor\u00eda T\u00e9cnica Transversal ofrecemos un conjunto completo de servicios orientados a garantizar la seguridad, el cumplimiento normativo y la eficiencia t\u00e9cnica en entornos industriales, mineros, municipales y empresariales. Trabajamos con una visi\u00f3n global que integra la prevenci\u00f3n de riesgos laborales, la gesti\u00f3n de la emergencia, la formaci\u00f3n especializada, la direcci\u00f3n t\u00e9cnica y ambiental de explotaciones mineras y la legalizaci\u00f3n de actividades e instalaciones. Nuestras soluciones se adaptan a cada cliente y combinan rigor t\u00e9cnico, experiencia y conocimiento profundizado de la legislaci\u00f3n vigente para asegurar resultados fiables, mensurables y duraderos. Desde el control de riesgos y la implantaci\u00f3n de sistemas preventivos hasta el desarrollo de Planes de Autoprotecci\u00f3n, informes t\u00e9cnicos, formaci\u00f3n operativa y gesti\u00f3n documental, acompa\u00f1amos a empresas y administraciones en todas las fases de sus proyectos. Nuestro objetivo es aportar tranquilidad, eficiencia y seguridad a trav\u00e9s de un servicio cercano, profesional y altamente especializado.<\/div>[\/vc_column_inner][\/vc_row_inner][\/vc_column][\/vc_row][vc_row css_animation=\u00bb\u00bb row_type=\u00bbrow\u00bb use_row_as_full_screen_section=\u00bbno\u00bb type=\u00bbgrid\u00bb angled_section=\u00bbno\u00bb text_align=\u00bbleft\u00bb background_image_as_pattern=\u00bbwithout_pattern\u00bb padding_bottom=\u00bb50&#8243; z_index=\u00bb\u00bb css=\u00bb.vc_custom_1767092222634{background-color: #ffffff !important;}\u00bb][vc_column offset=\u00bbvc_col-md-4&#8243;][vc_column_text css=\u00bb\u00bb]<\/p>\n<h2 style=\"text-align: left;\">Servicios mineros y marcado CE<\/h2>\n<p>[\/vc_column_text][vc_separator type=\u00bbsmall\u00bb position=\u00bbleft\u00bb color=\u00bb#FAB012&#8243; thickness=\u00bb4&#8243; width=\u00bb50&#8243; up=\u00bb15&#8243; down=\u00bb35&#8243;][vc_column_text css=\u00bb\u00bb]El sector minero es clave en la construcci\u00f3n, el medio ambiente y la generaci\u00f3n de recursos. Consultor\u00eda T\u00e9cnica Transversal ofrece soluciones integrales en explotaci\u00f3n, diagnosis, legalizaci\u00f3n y calidad del producto. Con especialistas acreditados en riesgos laborales y seguridad minera, garantizamos resultados que cumplen normativa UE, marcado CE y control riguroso para maximizar la eficiencia y seguridad.[\/vc_column_text][vc_empty_space height=\u00bb30px\u00bb]<a  itemprop=\"url\" href=\"\/es\/servicios\/servicios-mineros\" target=\"_self\"  class=\"qbutton  default\" style=\"\">VER SERVICIOS MINEROS<\/a>[vc_empty_space height=\u00bb75&#8243;][\/vc_column][vc_column offset=\u00bbvc_col-md-4&#8243;][vc_column_text css=\u00bb\u00bb]<\/p>\n<h2 style=\"text-align: left;\">Planes de autoprotecci\u00f3n y gesti\u00f3n de emergencias<\/h2>\n<p>[\/vc_column_text][vc_separator type=\u00bbsmall\u00bb position=\u00bbleft\u00bb color=\u00bb#FAB012&#8243; thickness=\u00bb4&#8243; width=\u00bb50&#8243; up=\u00bb15&#8243; down=\u00bb35&#8243;][vc_column_text css=\u00bb\u00bb]Somos t\u00e9cnicos acreditados en autoprotecci\u00f3n, incendios y riesgos laborales, especialistas en la redacci\u00f3n, implantaci\u00f3n y supervisi\u00f3n de Planes de Autoprotecci\u00f3n (PAU) adaptados a la normativa vigente. El plan de autoprotecci\u00f3n es una exigencia legal para muchas actividades. Con el Decreto 30\/2015 y con personal acreditado seg\u00fan el art\u00edculo 5.a del Decreto 30\/2015, garantiza documentaci\u00f3n, simulacros e implantaci\u00f3n eficiente, cumpliendo con todos los requisitos de seguridad y protecci\u00f3n civil.[\/vc_column_text][vc_empty_space height=\u00bb30px\u00bb]<a  itemprop=\"url\" href=\"\/es\/servicios\/emergencias-y-planes-de-autoproteccion\" target=\"_self\"  class=\"qbutton  default\" style=\"\">VER SERVICIOS EMERGENCIAS<\/a>[vc_empty_space height=\u00bb75&#8243;][\/vc_column][vc_column offset=\u00bbvc_col-md-4&#8243;][vc_column_text css=\u00bb\u00bb]<\/p>\n<h2 style=\"text-align: left;\">Prevenci\u00f3n de riesgos laborales y auditor\u00edas<\/h2>\n<p>[\/vc_column_text][vc_separator type=\u00bbsmall\u00bb position=\u00bbleft\u00bb color=\u00bb#FAB012&#8243; thickness=\u00bb4&#8243; width=\u00bb50&#8243; up=\u00bb15&#8243; down=\u00bb35&#8243;][vc_column_text css=\u00bb\u00bb]La normativa exige hoy un riguroso control preventivo en cada empresa. Con nuestra consultor\u00eda, garantizas una pol\u00edtica preventiva integral, detecci\u00f3n de riesgos y una implantaci\u00f3n adaptada a tu entorno productivo. Contamos con t\u00e9cnicos acreditados y amplia experiencia en prevenci\u00f3n de riesgos laborales y normativa aplicada, capaces de ofrecer soluciones integradas y adaptadas a cada empresa.[\/vc_column_text][vc_empty_space height=\u00bb30px\u00bb]<a  itemprop=\"url\" href=\"\/es\/servicios\/prevencion-de-riesgos-laborales\" target=\"_self\"  class=\"qbutton  default\" style=\"\">VER SERVICIOS PREVENCI\u00d3N RIESGOS<\/a>[vc_empty_space height=\u00bb75&#8243;][\/vc_column][\/vc_row][vc_row css_animation=\u00bb\u00bb row_type=\u00bbrow\u00bb use_row_as_full_screen_section=\u00bbno\u00bb type=\u00bbgrid\u00bb angled_section=\u00bbno\u00bb text_align=\u00bbleft\u00bb background_image_as_pattern=\u00bbwithout_pattern\u00bb padding_bottom=\u00bb75&#8243; z_index=\u00bb\u00bb css=\u00bb.vc_custom_1767092463638{background-color: #ffffff !important;}\u00bb][vc_column offset=\u00bbvc_col-md-4&#8243;][vc_column_text css=\u00bb\u00bb]<\/p>\n<h2 class=\"icon_title\">Formaci\u00f3n t\u00e9cnica especializada<\/h2>\n<p>[\/vc_column_text][vc_separator type=\u00bbsmall\u00bb position=\u00bbleft\u00bb color=\u00bb#FAB012&#8243; thickness=\u00bb4&#8243; width=\u00bb50&#8243; up=\u00bb15&#8243; down=\u00bb35&#8243;][vc_column_text css=\u00bb\u00bb]En Consultor\u00eda T\u00e9cnica Transversal ofrecemos formaci\u00f3n especializada para empresas y profesionales de los \u00e1mbitos minero, industrial y de emergencias. Nuestro objetivo es garantizar seguridad, competencia y cumplimiento normativo en todas sus actividades.[\/vc_column_text][vc_empty_space height=\u00bb30px\u00bb]<a  itemprop=\"url\" href=\"\/es\/servicios\/servicios-de-formacion\" target=\"_self\"  class=\"qbutton  default\" style=\"\">VER SERVICIOS DE FORMACI\u00d3N<\/a>[vc_empty_space height=\u00bb75&#8243;][\/vc_column][vc_column offset=\u00bbvc_col-md-4&#8243;][vc_column_text css=\u00bb\u00bb]<\/p>\n<h2 class=\"icon_title\">Legalizaci\u00f3n de actividades y tramitaci\u00f3n administrativa<\/h2>\n<p>[\/vc_column_text][vc_separator type=\u00bbsmall\u00bb position=\u00bbleft\u00bb color=\u00bb#FAB012&#8243; thickness=\u00bb4&#8243; width=\u00bb50&#8243; up=\u00bb15&#8243; down=\u00bb35&#8243;][vc_column_text css=\u00bb\u00bb]En Consultor\u00eda T\u00e9cnica Transversal acompa\u00f1amos al emprendedor ya las empresas en todas las fases de legalizaci\u00f3n de actividades econ\u00f3micas, desde el inicio del proyecto hasta su implantaci\u00f3n operativa y posterior adaptaci\u00f3n normativa. Te ayudamos a gestionar la complejidad de los procedimientos administrativos (licencias, comunicaciones, declaraciones responsables), evitar errores costosos y acelerar los tr\u00e1mites con soluciones eficientes y adaptadas a cada caso.[\/vc_column_text][vc_empty_space height=\u00bb30px\u00bb]<a  itemprop=\"url\" href=\"\/es\/servicios\/legalizacion-actividades\" target=\"_self\"  class=\"qbutton  default\" style=\"\">VER SERVICIOS LEGALIZACI\u00d3N<\/a>[vc_empty_space height=\u00bb75&#8243;][\/vc_column][vc_column offset=\u00bbvc_col-md-4&#8243;][vc_empty_space height=\u00bb50px\u00bb][qode_elements_holder number_of_columns=\u00bbone_column\u00bb][qode_elements_holder_item advanced_animations=\u00bbno\u00bb background_color=\u00bb#A51226&#8243; item_padding=\u00bb75px 25px 75px 50px\u00bb]<div class=\"custom_font_holder \" style=\" font-style: normal; font-weight: 600; color: #FFFFFF; text-decoration: none; text-align: left; --qode-cf-font-size: 20px; --qode-cf-line-height: 26px; --qode-cf-font-size-1440: 20px; --qode-cf-line-height-1440: 26px; --qode-cf-font-size-1366: 20px; --qode-cf-line-height-1366: 26px; --qode-cf-font-size-1280: 20px; --qode-cf-line-height-1280: 26px; --qode-cf-font-size-1024: 20px; --qode-cf-line-height-1024: 26px; --qode-cf-font-size-768: 20px; --qode-cf-line-height-768: 26px; --qode-cf-font-size-680: 20px; --qode-cf-line-height-680: 26px; --qode-cf-font-size-480: 20px; --qode-cf-line-height-480: 26px;\">P\u00eddanos presupuesto sin compromiso y convierte tu proyecto minero en una realidad segura, legal y eficiente.<\/div>[vc_empty_space height=\u00bb75&#8243;]<a  itemprop=\"url\" href=\"\/es\/contacto\" target=\"_self\" data-hover-background-color=\"#1A1A1A\" data-hover-border-color=\"#1A1A1A\" data-hover-color=\"#FFFFFF\" class=\"qbutton  default\" style=\"color: #1A1A1A; border-color: #FFFFFF; background-color:#FFFFFF;\">CONT\u00c1CTANOS<\/a>[\/qode_elements_holder_item][\/qode_elements_holder][\/vc_column][\/vc_row]<\/p>\n<\/div>","protected":false},"excerpt":{"rendered":"<p>[vc_row css_animation=\u00bb\u00bb row_type=\u00bbrow\u00bb use_row_as_full_screen_section=\u00bbno\u00bb type=\u00bbfull_width\u00bb angled_section=\u00bbno\u00bb text_align=\u00bbleft\u00bb background_image_as_pattern=\u00bbwithout_pattern\u00bb z_index=\u00bb\u00bb padding_bottom=\u00bb50&#8243;][vc_column][vc_single_image image=\u00bb16575&#8243; img_size=\u00bbfull\u00bb alignment=\u00bbcenter\u00bb css=\u00bb\u00bb qode_css_animation=\u00bb\u00bb][\/vc_column][\/vc_row][vc_row css_animation=\u00bb\u00bb row_type=\u00bbrow\u00bb use_row_as_full_screen_section=\u00bbno\u00bb type=\u00bbgrid\u00bb angled_section=\u00bbno\u00bb text_align=\u00bbleft\u00bb background_image_as_pattern=\u00bbwithout_pattern\u00bb padding_bottom=\u00bb75&#8243; z_index=\u00bb\u00bb css=\u00bb.vc_custom_1758873102283{margin-top: -20px !important;padding-top: -20px !important;background-color: #ffffff !important;}\u00bb][vc_column css=\u00bb.vc_custom_1758194804783{padding-right: 10% !important;}\u00bb][vc_column_text css=\u00bb\u00bb] SERVICIOS [\/vc_column_text][vc_empty_space height=\u00bb10&#8243;][vc_column_text css=\u00bb\u00bb] Ingenier\u00eda, miner\u00eda, emergencias, prevenci\u00f3n de riesgos&#8230;&#8230;<\/p>\n","protected":false},"author":1,"featured_media":0,"parent":0,"menu_order":0,"comment_status":"closed","ping_status":"closed","template":"full_width.php","meta":{"footnotes":""},"class_list":["post-16810","page","type-page","status-publish","hentry"],"_links":{"self":[{"href":"https:\/\/www.consultoriatt.com\/es\/wp-json\/wp\/v2\/pages\/16810","targetHints":{"allow":["GET"]}}],"collection":[{"href":"https:\/\/www.consultoriatt.com\/es\/wp-json\/wp\/v2\/pages"}],"about":[{"href":"https:\/\/www.consultoriatt.com\/es\/wp-json\/wp\/v2\/types\/page"}],"author":[{"embeddable":true,"href":"https:\/\/www.consultoriatt.com\/es\/wp-json\/wp\/v2\/users\/1"}],"replies":[{"embeddable":true,"href":"https:\/\/www.consultoriatt.com\/es\/wp-json\/wp\/v2\/comments?post=16810"}],"version-history":[{"count":5,"href":"https:\/\/www.consultoriatt.com\/es\/wp-json\/wp\/v2\/pages\/16810\/revisions"}],"predecessor-version":[{"id":16815,"href":"https:\/\/www.consultoriatt.com\/es\/wp-json\/wp\/v2\/pages\/16810\/revisions\/16815"}],"wp:attachment":[{"href":"https:\/\/www.consultoriatt.com\/es\/wp-json\/wp\/v2\/media?parent=16810"}],"curies":[{"name":"wp","href":"https:\/\/api.w.org\/{rel}","templated":true}]}}