{"id":16818,"date":"2025-12-23T07:03:06","date_gmt":"2025-12-23T07:03:06","guid":{"rendered":"https:\/\/www.consultoriatt.com\/?page_id=16818"},"modified":"2025-12-31T12:57:10","modified_gmt":"2025-12-31T12:57:10","slug":"servicios-mineros","status":"publish","type":"page","link":"https:\/\/www.consultoriatt.com\/es\/servicios\/servicios-mineros\/","title":{"rendered":"SERVICIOS MINEROS"},"content":{"rendered":"<div class=\"wpb-content-wrapper\"><p>[vc_row css_animation=\u00bb\u00bb row_type=\u00bbrow\u00bb use_row_as_full_screen_section=\u00bbno\u00bb type=\u00bbfull_width\u00bb angled_section=\u00bbno\u00bb text_align=\u00bbleft\u00bb background_image_as_pattern=\u00bbwithout_pattern\u00bb z_index=\u00bb\u00bb padding_bottom=\u00bb50&#8243;][vc_column][vc_single_image image=\u00bb16575&#8243; img_size=\u00bbfull\u00bb alignment=\u00bbcenter\u00bb css=\u00bb\u00bb qode_css_animation=\u00bb\u00bb][\/vc_column][\/vc_row][vc_row css_animation=\u00bb\u00bb row_type=\u00bbrow\u00bb use_row_as_full_screen_section=\u00bbno\u00bb type=\u00bbgrid\u00bb angled_section=\u00bbno\u00bb text_align=\u00bbleft\u00bb background_image_as_pattern=\u00bbwithout_pattern\u00bb padding_bottom=\u00bb75&#8243; z_index=\u00bb\u00bb css=\u00bb.vc_custom_1758873102283{margin-top: -20px !important;padding-top: -20px !important;background-color: #ffffff !important;}\u00bb][vc_column css=\u00bb.vc_custom_1758194804783{padding-right: 10% !important;}\u00bb][vc_column_text css=\u00bb\u00bb]<\/p>\n<h1>SERVICIOS MINEROS, MARCAJE CE Y SEGURIDAD EN ACTIVIDADES EXTRACTIVAS<\/h1>\n<p>[\/vc_column_text][vc_empty_space height=\u00bb10&#8243;][vc_column_text css=\u00bb\u00bb]<\/p>\n<h2>Soluciones integrales en explotaci\u00f3n, legalizaci\u00f3n y calidad del producto<\/h2>\n<p>[\/vc_column_text][vc_empty_space height=\u00bb20&#8243;][vc_column_text css=\u00bb\u00bb]<a href=\"\/es\">INICIO<\/a> \/\/ <a href=\"\/es\/servicios\">SERVICIOS<\/a> \/\/ SERVICIOS MINEROS[\/vc_column_text][vc_separator type=\u00bbsmall\u00bb position=\u00bbleft\u00bb color=\u00bb#A51226&#8243; thickness=\u00bb4&#8243; width=\u00bb48&#8243; up=\u00bb20&#8243;][vc_row_inner row_type=\u00bbrow\u00bb type=\u00bbfull_width\u00bb text_align=\u00bbleft\u00bb css_animation=\u00bb\u00bb][vc_column_inner offset=\u00bbvc_hidden-xs\u00bb]<div class=\"custom_font_holder \" style=\" font-style: italic; font-weight: 400; color: #4D4D4D; text-decoration: none; text-align: left; --qode-cf-font-size: 20px; --qode-cf-line-height: 26px; --qode-cf-font-size-1440: 20px; --qode-cf-line-height-1440: 26px; --qode-cf-font-size-1366: 20px; --qode-cf-line-height-1366: 26px; --qode-cf-font-size-1280: 20px; --qode-cf-line-height-1280: 26px; --qode-cf-font-size-1024: 20px; --qode-cf-line-height-1024: 26px; --qode-cf-font-size-768: 20px; --qode-cf-line-height-768: 26px; --qode-cf-font-size-680: 20px; --qode-cf-line-height-680: 26px; --qode-cf-font-size-480: 20px; --qode-cf-line-height-480: 26px;\">El sector minero es clave en la construcci\u00f3n, el medio ambiente y la generaci\u00f3n de recursos. Consultor\u00eda T\u00e9cnica Transversal ofrece soluciones integrales en explotaci\u00f3n, diagnosis, legalizaci\u00f3n y calidad del producto. Con especialistas acreditados en riesgos laborales y seguridad minera, garantizamos resultados que cumplen normativa UE, marcado CE y control riguroso para maximizar la eficiencia y seguridad.<\/div>[\/vc_column_inner][\/vc_row_inner][vc_row_inner row_type=\u00bbrow\u00bb type=\u00bbfull_width\u00bb text_align=\u00bbleft\u00bb css_animation=\u00bb\u00bb][vc_column_inner offset=\u00bbvc_hidden-lg vc_hidden-md vc_hidden-sm\u00bb]<div class=\"custom_font_holder \" style=\" font-style: italic; font-weight: 400; color: #4D4D4D; text-decoration: none; text-align: left; --qode-cf-font-size: 15px; --qode-cf-line-height: 16px; --qode-cf-font-size-1440: 15px; --qode-cf-line-height-1440: 16px; --qode-cf-font-size-1366: 15px; --qode-cf-line-height-1366: 16px; --qode-cf-font-size-1280: 15px; --qode-cf-line-height-1280: 16px; --qode-cf-font-size-1024: 15px; --qode-cf-line-height-1024: 16px; --qode-cf-font-size-768: 15px; --qode-cf-line-height-768: 16px; --qode-cf-font-size-680: 15px; --qode-cf-line-height-680: 16px; --qode-cf-font-size-480: 15px; --qode-cf-line-height-480: 16px;\">El sector minero es clave en la construcci\u00f3n, el medio ambiente y la generaci\u00f3n de recursos. Consultor\u00eda T\u00e9cnica Transversal ofrece soluciones integrales en explotaci\u00f3n, diagnosis, legalizaci\u00f3n y calidad del producto. Con especialistas acreditados en riesgos laborales y seguridad minera, garantizamos resultados que cumplen normativa UE, marcado CE y control riguroso para maximizar la eficiencia y seguridad.<\/div>[\/vc_column_inner][\/vc_row_inner][\/vc_column][\/vc_row][vc_row css_animation=\u00bb\u00bb row_type=\u00bbrow\u00bb use_row_as_full_screen_section=\u00bbno\u00bb type=\u00bbgrid\u00bb angled_section=\u00bbno\u00bb text_align=\u00bbleft\u00bb background_image_as_pattern=\u00bbwithout_pattern\u00bb z_index=\u00bb\u00bb padding_bottom=\u00bb50&#8243;][vc_column width=\u00bb1\/3&#8243;][vc_separator type=\u00bbnormal\u00bb color=\u00bb#A51226&#8243; thickness=\u00bb10&#8243; up=\u00bb0&#8243; down=\u00bb0&#8243;][vc_single_image image=\u00bb16582&#8243; img_size=\u00bbfull\u00bb css=\u00bb\u00bb qode_css_animation=\u00bb\u00bb][vc_empty_space height=\u00bb25&#8243;][vc_column_text css=\u00bb\u00bb]<\/p>\n<h3>Proyectos mineros y explotaci\u00f3n t\u00e9cnica<\/h3>\n<p>[\/vc_column_text][vc_empty_space height=\u00bb25&#8243;][vc_column_text css=\u00bb\u00bb]Realizamos <strong data-start=\"706\" data-end=\"763\">estudios de viabilidad y proyectos de explotaci\u00f3n minera<\/strong>, diagnosis ambiental y compatibilidad urban\u00edstica. Nos encargamos del dise\u00f1o t\u00e9cnico y del seguimiento de instalaciones mineras, siempre bajo el marco de la <strong data-start=\"917\" data-end=\"942\">Ley de Minas 22\/1973<\/strong> y el <strong data-start=\"948\" data-end=\"1011\">Reglamento General para 2857\/1978)<\/strong>.[\/vc_column_text][vc_empty_space height=\u00bb75&#8243;][\/vc_column][vc_column width=\u00bb1\/3&#8243;][vc_separator type=\u00bbnormal\u00bb color=\u00bb#A51226&#8243; thickness=\u00bb10&#8243; up=\u00bb0&#8243; down=\u00bb0&#8243;][vc_single_image image=\u00bb16584&#8243; img_size=\u00bbfull\u00bb css=\u00bb\u00bb qode_css_animation=\u00bb\u00bb][vc_empty_space height=\u00bb25&#8243;][vc_column_text css=\u00bb\u00bb]<\/p>\n<h3>Marcaje CE y control de producci\u00f3n en f\u00e1brica (CPF)<\/h3>\n<p>[\/vc_column_text][vc_empty_space height=\u00bb25&#8243;][vc_column_text css=\u00bb\u00bb]El cumplimiento de la normativa europea es imprescindible para la comercializaci\u00f3n de productos minerales. Asesoramos a empresas en:<\/p>\n<p>[vc_separator type=\u00bbnormal\u00bb\u00a0 color=\u00bb#000000&#8243; thickness=\u00bb1&#8243; up=\u00bb25&#8243; down=\u00bb15&#8243;]<\/p>\n<p>\u00b7 <strong data-start=\"1175\" data-end=\"1202\">Reglamento (UE) 305\/2011<\/strong> de productos de construcci\u00f3n.<\/p>\n<p>\u00b7 <strong data-start=\"1236\" data-end=\"1262\">Marcaje CE obligatorio<\/strong> en productos de \u00e1ridos.<\/p>\n<p>\u00b7 Implantaci\u00f3n y seguimiento del <strong data-start=\"1317\" data-end=\"1358\">Control de Producci\u00f3n en F\u00e1brica (CPF)<\/strong>.<\/p>\n<p>\u00b7 Normas espec\u00edficas: <strong data-start=\"1385\" data-end=\"1574\">UNE-EN 12620 (\u00e1ridos por hormig\u00f3n), UNE-EN 13139 (muerta), UNE-EN 13242 (capas estructurales), UNE-EN 13383 (escollera), UNE-EN 13383 (escollera), UNE-EN 13043 (mezclas bituminosas)<\/strong>.<\/p>\n<p>[vc_separator type=\u00bbnormal\u00bb\u00a0 color=\u00bb#000000&#8243; thickness=\u00bb1&#8243; up=\u00bb15&#8243; down=\u00bb25&#8243;]<\/p>\n<p>Estas certificaciones garantizan la <strong data-start=\"1618\" data-end=\"1656\">seguridad, calidad y trazabilidad<\/strong> de los productos destinados al sector de la construcci\u00f3n.[\/vc_column_text][vc_empty_space height=\u00bb50&#8243;][\/vc_column][vc_column width=\u00bb1\/3&#8243;][qode_elements_holder number_of_columns=\u00bbone_column\u00bb][qode_elements_holder_item advanced_animations=\u00bbno\u00bb background_color=\u00bb#A51226&#8243; item_padding=\u00bb75px 25px 75px 50px\u00bb]<div class=\"custom_font_holder \" style=\" font-style: normal; font-weight: 600; color: #FFFFFF; text-decoration: none; text-align: left; --qode-cf-font-size: 20px; --qode-cf-line-height: 26px; --qode-cf-font-size-1440: 20px; --qode-cf-line-height-1440: 26px; --qode-cf-font-size-1366: 20px; --qode-cf-line-height-1366: 26px; --qode-cf-font-size-1280: 20px; --qode-cf-line-height-1280: 26px; --qode-cf-font-size-1024: 20px; --qode-cf-line-height-1024: 26px; --qode-cf-font-size-768: 20px; --qode-cf-line-height-768: 26px; --qode-cf-font-size-680: 20px; --qode-cf-line-height-680: 26px; --qode-cf-font-size-480: 20px; --qode-cf-line-height-480: 26px;\">P\u00eddanos presupuesto sin compromiso y convierte tu proyecto minero en una realidad segura, legal y eficiente.<\/div>[vc_empty_space height=\u00bb75&#8243;]<a  itemprop=\"url\" href=\"\/es\/contacto\" target=\"_self\" data-hover-background-color=\"#1A1A1A\" data-hover-border-color=\"#1A1A1A\" data-hover-color=\"#FFFFFF\" class=\"qbutton  default\" style=\"color: #1A1A1A; border-color: #FFFFFF; background-color:#FFFFFF;\">CONT\u00c1CTANOS<\/a>[\/qode_elements_holder_item][\/qode_elements_holder][vc_empty_space height=\u00bb75&#8243;][\/vc_column][\/vc_row][vc_row css_animation=\u00bb\u00bb row_type=\u00bbrow\u00bb use_row_as_full_screen_section=\u00bbno\u00bb type=\u00bbgrid\u00bb angled_section=\u00bbno\u00bb text_align=\u00bbleft\u00bb background_image_as_pattern=\u00bbwithout_pattern\u00bb z_index=\u00bb\u00bb padding_bottom=\u00bb50&#8243;][vc_column width=\u00bb1\/3&#8243;][vc_separator type=\u00bbnormal\u00bb color=\u00bb#A51226&#8243; thickness=\u00bb10&#8243; up=\u00bb0&#8243; down=\u00bb0&#8243;][vc_empty_space height=\u00bb25&#8243;][vc_column_text css=\u00bb\u00bb]<\/p>\n<h3>Seguridad minera y disposiciones internas de seguridad (DIS)<\/h3>\n<p>[\/vc_column_text][vc_empty_space height=\u00bb25&#8243;][vc_column_text css=\u00bb\u00bb]Disponemos de t\u00e9cnicos acreditados en <strong>Prevenci\u00f3n de Riesgos Laborales<\/strong> (Ley 31\/1995 y RD 39\/1997). Ofrecemos:<\/p>\n<p>[vc_separator type=\u00bbnormal\u00bb\u00a0 color=\u00bb#000000&#8243; thickness=\u00bb1&#8243; up=\u00bb25&#8243; down=\u00bb15&#8243;]<\/p>\n<p>\u00b7 Auditor\u00edas y diagnosis de riesgos.<\/p>\n<p>\u00b7 Fiscalizaci\u00f3n de procesos y redacci\u00f3n de procedimientos.<\/p>\n<p>\u00b7 Evaluaci\u00f3n de seguridad en obras de construcci\u00f3n seg\u00fan <strong>RD 1627\/1997<\/strong>.<\/p>\n<p>\u00b7 Elaboraci\u00f3n de DISPOSICIONES INTERNAS DE SEGURIDAD (DIS).<\/p>\n<p>[vc_separator type=\u00bbnormal\u00bb\u00a0 color=\u00bb#000000&#8243; thickness=\u00bb1&#8243; up=\u00bb15&#8243; down=\u00bb25&#8243;]<\/p>\n<p>Trabajamos para garantizar la protecci\u00f3n de los trabajadores y el estricto cumplimiento de las <strong>normas b\u00e1sicas de seguridad minera (RD 1389\/1997)<\/strong>.[\/vc_column_text][vc_empty_space height=\u00bb75&#8243;][\/vc_column][vc_column width=\u00bb1\/3&#8243;][vc_separator type=\u00bbnormal\u00bb color=\u00bb#A51226&#8243; thickness=\u00bb10&#8243; up=\u00bb0&#8243; down=\u00bb0&#8243;][vc_empty_space height=\u00bb25&#8243;][vc_column_text css=\u00bb\u00bb]<\/p>\n<h3>Formaci\u00f3n especializada<\/h3>\n<p>[\/vc_column_text][vc_empty_space height=\u00bb25&#8243;][vc_column_text css=\u00bb\u00bb]Impartimos formaci\u00f3n t\u00e9cnica adaptada a las necesidades del sector:<\/p>\n<p>[vc_separator type=\u00bbnormal\u00bb\u00a0 color=\u00bb#000000&#8243; thickness=\u00bb1&#8243; up=\u00bb25&#8243; down=\u00bb15&#8243;]<\/p>\n<p>\u00b7 Cursos de seguridad minera seg\u00fan <strong>ITC 02.1.02<\/strong> del Reglamento General de Normas B\u00e1sicas de Seguridad Minera.<\/p>\n<p>\u00b7 Formaci\u00f3n para <strong>operadores de maquinaria pesada<\/strong>.<\/p>\n<p>\u00b7 Sesiones pr\u00e1cticas de autoprotecci\u00f3n y prevenci\u00f3n de riesgos en la empresa.<\/p>\n<p>[vc_separator type=\u00bbnormal\u00bb\u00a0 color=\u00bb#000000&#8243; thickness=\u00bb1&#8243; up=\u00bb15&#8243; down=\u00bb25&#8243;]<\/p>\n<p>Ayudamos a que los equipos humanos est\u00e9n capacitados y acreditados seg\u00fan los requisitos legales y t\u00e9cnicos.[\/vc_column_text][vc_empty_space height=\u00bb75&#8243;][\/vc_column][vc_column width=\u00bb1\/3&#8243;][vc_separator type=\u00bbnormal\u00bb color=\u00bb#A51226&#8243; thickness=\u00bb10&#8243; up=\u00bb0&#8243; down=\u00bb0&#8243;][vc_empty_space height=\u00bb25&#8243;][vc_column_text css=\u00bb\u00bb]<\/p>\n<h3>Topograf\u00eda, cartograf\u00eda y estudios ambientales<\/h3>\n<p>[\/vc_column_text][vc_empty_space height=\u00bb25&#8243;][vc_column_text css=\u00bb\u00bb]Ofrecemos servicios de <strong>topograf\u00eda minera<\/strong> y <strong>cartograf\u00eda<\/strong>: levantamientos topogr\u00e1ficos, replanteos, mediciones, modelos digitales del terreno y tratamiento de datos con <strong>SIG (Sistemas de Informaci\u00f3n Geogr\u00e1fica)<\/strong>. Este soporte es esencial para el control preciso del terreno y la planificaci\u00f3n de explotaciones y restauraciones.[\/vc_column_text][vc_empty_space height=\u00bb75&#8243;][\/vc_column][\/vc_row][vc_row css_animation=\u00bb\u00bb row_type=\u00bbrow\u00bb use_row_as_full_screen_section=\u00bbno\u00bb type=\u00bbgrid\u00bb angled_section=\u00bbno\u00bb text_align=\u00bbleft\u00bb background_image_as_pattern=\u00bbwithout_pattern\u00bb z_index=\u00bb\u00bb padding_bottom=\u00bb25&#8243;][vc_column width=\u00bb1\/3&#8243;][vc_separator type=\u00bbnormal\u00bb color=\u00bb#A51226&#8243; thickness=\u00bb10&#8243; up=\u00bb0&#8243; down=\u00bb0&#8243;][vc_single_image image=\u00bb16586&#8243; img_size=\u00bbfull\u00bb css=\u00bb\u00bb qode_css_animation=\u00bb\u00bb][vc_empty_space height=\u00bb25&#8243;][vc_column_text css=\u00bb\u00bb]<\/p>\n<h3>Autorizaciones y tr\u00e1mites legales<\/h3>\n<p>[\/vc_column_text][vc_empty_space height=\u00bb25&#8243;][vc_column_text css=\u00bb\u00bb]Gestionamos toda la documentaci\u00f3n necesaria para la actividad minera:<\/p>\n<p>[vc_separator type=\u00bbnormal\u00bb\u00a0 color=\u00bb#000000&#8243; thickness=\u00bb1&#8243; up=\u00bb25&#8243; down=\u00bb15&#8243;]<\/p>\n<p>\u00b7 Autorizaciones de explotaci\u00f3n ante la Administraci\u00f3n.<\/p>\n<p>\u00b7 Tramitaci\u00f3n de concesiones mineras y modificaciones.<\/p>\n<p>\u00b7 Permisos de uso y consumo de explosivos seg\u00fan <strong>ITC 08.01.01<\/strong>.<\/p>\n<p>[vc_separator type=\u00bbnormal\u00bb\u00a0 color=\u00bb#000000&#8243; thickness=\u00bb1&#8243; up=\u00bb15&#8243; down=\u00bb25&#8243;]<\/p>\n<p>Simplificamos los tr\u00e1mites legales para garantizar la <strong>legalizaci\u00f3n y continuidad de la actividad<\/strong>.[\/vc_column_text][vc_empty_space height=\u00bb75&#8243;][\/vc_column][vc_column width=\u00bb1\/3&#8243;][vc_separator type=\u00bbnormal\u00bb color=\u00bb#A51226&#8243; thickness=\u00bb10&#8243; up=\u00bb0&#8243; down=\u00bb0&#8243;][vc_single_image image=\u00bb16588&#8243; img_size=\u00bbfull\u00bb css=\u00bb\u00bb qode_css_animation=\u00bb\u00bb][vc_empty_space height=\u00bb25&#8243;][vc_column_text css=\u00bb\u00bb]<\/p>\n<h3>Voladuras, vibraciones y control t\u00e9cnico<\/h3>\n<p>[\/vc_column_text][vc_empty_space height=\u00bb25&#8243;][vc_column_text css=\u00bb\u00bb]Dise\u00f1amos y dirigimos <strong>proyectos de voladura<\/strong> con el m\u00e1ximo nivel t\u00e9cnico. Incluimos:<\/p>\n<p>[vc_separator type=\u00bbnormal\u00bb\u00a0 color=\u00bb#000000&#8243; thickness=\u00bb1&#8243; up=\u00bb25&#8243; down=\u00bb15&#8243;]<\/p>\n<p>\u00b7 Instrucciones de trabajo y manuales de seguridad.<\/p>\n<p>\u00b7 Estudios de vibraciones y control de impacto ambiental.<\/p>\n<p>\u00b7 Monitorizaci\u00f3n y seguimiento en cumplimiento de la normativa minera y ambiental.<\/p>\n<p>[vc_separator type=\u00bbnormal\u00bb\u00a0 color=\u00bb#000000&#8243; thickness=\u00bb1&#8243; up=\u00bb15&#8243; down=\u00bb25&#8243;]<\/p>\n<p>Este servicio asegura operaciones eficientes, controladas y respetuosas con el entorno.[\/vc_column_text][vc_empty_space height=\u00bb75&#8243;][\/vc_column][vc_column width=\u00bb1\/3&#8243;][qode_elements_holder number_of_columns=\u00bbone_column\u00bb][qode_elements_holder_item advanced_animations=\u00bbno\u00bb background_color=\u00bb#262626&#8243; item_padding=\u00bb75px 25px 75px 50px\u00bb]<div class=\"custom_font_holder \" style=\" font-style: normal; font-weight: 600; color: #FFFFFF; text-decoration: none; text-align: left; --qode-cf-font-size: 24px; --qode-cf-line-height: 28px; --qode-cf-font-size-1440: 24px; --qode-cf-line-height-1440: 28px; --qode-cf-font-size-1366: 24px; --qode-cf-line-height-1366: 28px; --qode-cf-font-size-1280: 24px; --qode-cf-line-height-1280: 28px; --qode-cf-font-size-1024: 24px; --qode-cf-line-height-1024: 28px; --qode-cf-font-size-768: 24px; --qode-cf-line-height-768: 28px; --qode-cf-font-size-680: 24px; --qode-cf-line-height-680: 28px; --qode-cf-font-size-480: 24px; --qode-cf-line-height-480: 28px;\">Colaboramos con ingenieros, ge\u00f3logos, ambient\u00f3logos y arquitectos para ofrecer un servicio transversal. La experiencia en proyectos reales nos permite dar respuestas r\u00e1pidas, seguras y adaptadas a cada cliente y sector.<\/div>[vc_empty_space height=\u00bb75&#8243;]<a  itemprop=\"url\" href=\"\/es\/contacto\" target=\"_self\" data-hover-background-color=\"#1A1A1A\" data-hover-border-color=\"#1A1A1A\" data-hover-color=\"#FFFFFF\" class=\"qbutton  default\" style=\"color: #1A1A1A; border-color: #FFFFFF; background-color:#FFFFFF;\">CONT\u00c1CTANOS<\/a>[\/qode_elements_holder_item][\/qode_elements_holder][vc_empty_space height=\u00bb75&#8243;][\/vc_column][\/vc_row]<\/p>\n<\/div>","protected":false},"excerpt":{"rendered":"<p>[vc_row css_animation=\u00bb\u00bb row_type=\u00bbrow\u00bb use_row_as_full_screen_section=\u00bbno\u00bb type=\u00bbfull_width\u00bb angled_section=\u00bbno\u00bb text_align=\u00bbleft\u00bb background_image_as_pattern=\u00bbwithout_pattern\u00bb z_index=\u00bb\u00bb padding_bottom=\u00bb50&#8243;][vc_column][vc_single_image image=\u00bb16575&#8243; img_size=\u00bbfull\u00bb alignment=\u00bbcenter\u00bb css=\u00bb\u00bb qode_css_animation=\u00bb\u00bb][\/vc_column][\/vc_row][vc_row css_animation=\u00bb\u00bb row_type=\u00bbrow\u00bb use_row_as_full_screen_section=\u00bbno\u00bb type=\u00bbgrid\u00bb angled_section=\u00bbno\u00bb text_align=\u00bbleft\u00bb background_image_as_pattern=\u00bbwithout_pattern\u00bb padding_bottom=\u00bb75&#8243; z_index=\u00bb\u00bb css=\u00bb.vc_custom_1758873102283{margin-top: -20px !important;padding-top: -20px !important;background-color: #ffffff !important;}\u00bb][vc_column css=\u00bb.vc_custom_1758194804783{padding-right: 10% !important;}\u00bb][vc_column_text css=\u00bb\u00bb] SERVICIOS MINEROS, MARCAJE CE Y SEGURIDAD EN ACTIVIDADES EXTRACTIVAS [\/vc_column_text][vc_empty_space&#8230;<\/p>\n","protected":false},"author":1,"featured_media":0,"parent":16810,"menu_order":0,"comment_status":"closed","ping_status":"closed","template":"full_width.php","meta":{"footnotes":""},"class_list":["post-16818","page","type-page","status-publish","hentry"],"_links":{"self":[{"href":"https:\/\/www.consultoriatt.com\/es\/wp-json\/wp\/v2\/pages\/16818","targetHints":{"allow":["GET"]}}],"collection":[{"href":"https:\/\/www.consultoriatt.com\/es\/wp-json\/wp\/v2\/pages"}],"about":[{"href":"https:\/\/www.consultoriatt.com\/es\/wp-json\/wp\/v2\/types\/page"}],"author":[{"embeddable":true,"href":"https:\/\/www.consultoriatt.com\/es\/wp-json\/wp\/v2\/users\/1"}],"replies":[{"embeddable":true,"href":"https:\/\/www.consultoriatt.com\/es\/wp-json\/wp\/v2\/comments?post=16818"}],"version-history":[{"count":6,"href":"https:\/\/www.consultoriatt.com\/es\/wp-json\/wp\/v2\/pages\/16818\/revisions"}],"predecessor-version":[{"id":16839,"href":"https:\/\/www.consultoriatt.com\/es\/wp-json\/wp\/v2\/pages\/16818\/revisions\/16839"}],"up":[{"embeddable":true,"href":"https:\/\/www.consultoriatt.com\/es\/wp-json\/wp\/v2\/pages\/16810"}],"wp:attachment":[{"href":"https:\/\/www.consultoriatt.com\/es\/wp-json\/wp\/v2\/media?parent=16818"}],"curies":[{"name":"wp","href":"https:\/\/api.w.org\/{rel}","templated":true}]}}