{"id":16852,"date":"2025-12-23T07:38:04","date_gmt":"2025-12-23T07:38:04","guid":{"rendered":"https:\/\/www.consultoriatt.com\/?page_id=16852"},"modified":"2025-12-31T12:55:05","modified_gmt":"2025-12-31T12:55:05","slug":"legalizacion-de-actividades","status":"publish","type":"page","link":"https:\/\/www.consultoriatt.com\/es\/servicios\/legalizacion-de-actividades\/","title":{"rendered":"LEGALIZACI\u00d3N DE ACTIVIDADES"},"content":{"rendered":"<div class=\"wpb-content-wrapper\"><p>[vc_row css_animation=\u00bb\u00bb row_type=\u00bbrow\u00bb use_row_as_full_screen_section=\u00bbno\u00bb type=\u00bbfull_width\u00bb angled_section=\u00bbno\u00bb text_align=\u00bbleft\u00bb background_image_as_pattern=\u00bbwithout_pattern\u00bb z_index=\u00bb\u00bb padding_bottom=\u00bb50&#8243;][vc_column][vc_single_image image=\u00bb16625&#8243; img_size=\u00bbfull\u00bb alignment=\u00bbcenter\u00bb css=\u00bb\u00bb qode_css_animation=\u00bb\u00bb][\/vc_column][\/vc_row][vc_row css_animation=\u00bb\u00bb row_type=\u00bbrow\u00bb use_row_as_full_screen_section=\u00bbno\u00bb type=\u00bbgrid\u00bb angled_section=\u00bbno\u00bb text_align=\u00bbleft\u00bb background_image_as_pattern=\u00bbwithout_pattern\u00bb padding_bottom=\u00bb75&#8243; z_index=\u00bb\u00bb css=\u00bb.vc_custom_1758873102283{margin-top: -20px !important;padding-top: -20px !important;background-color: #ffffff !important;}\u00bb][vc_column css=\u00bb.vc_custom_1758194804783{padding-right: 10% !important;}\u00bb][vc_column_text css=\u00bb\u00bb]<\/p>\n<h1>LEGALIZACI\u00d3N DE ACTIVIDADES, PROYECTOS T\u00c9CNICOS Y TRAMITACI\u00d3N ADMINISTRATIVA<\/h1>\n<p>[\/vc_column_text][vc_empty_space height=\u00bb10&#8243;][vc_column_text css=\u00bb\u00bb]<\/p>\n<h2>Acompa\u00f1amos al emprendedor ya las empresas en todas las fases de legalizaci\u00f3n de actividades<\/h2>\n<p>[\/vc_column_text][vc_empty_space height=\u00bb20&#8243;][vc_column_text css=\u00bb\u00bb]<a href=\"\/es\">INICIO<\/a> \/\/ <a href=\"\/es\/servicios\">SERVICIOS<\/a> \/\/ LEGALIZACI\u00d3N DE ACTIVIDADES[\/vc_column_text][vc_separator type=\u00bbsmall\u00bb position=\u00bbleft\u00bb color=\u00bb#A51226&#8243; thickness=\u00bb4&#8243; width=\u00bb48&#8243; up=\u00bb20&#8243;][vc_row_inner row_type=\u00bbrow\u00bb type=\u00bbfull_width\u00bb text_align=\u00bbleft\u00bb css_animation=\u00bb\u00bb][vc_column_inner offset=\u00bbvc_hidden-xs\u00bb]<div class=\"custom_font_holder \" style=\" font-style: italic; font-weight: 400; color: #4D4D4D; text-decoration: none; text-align: left; --qode-cf-font-size: 20px; --qode-cf-line-height: 26px; --qode-cf-font-size-1440: 20px; --qode-cf-line-height-1440: 26px; --qode-cf-font-size-1366: 20px; --qode-cf-line-height-1366: 26px; --qode-cf-font-size-1280: 20px; --qode-cf-line-height-1280: 26px; --qode-cf-font-size-1024: 20px; --qode-cf-line-height-1024: 26px; --qode-cf-font-size-768: 20px; --qode-cf-line-height-768: 26px; --qode-cf-font-size-680: 20px; --qode-cf-line-height-680: 26px; --qode-cf-font-size-480: 20px; --qode-cf-line-height-480: 26px;\">En Consultor\u00eda T\u00e9cnica Transversal acompa\u00f1amos al emprendedor ya las empresas en todas las fases de legalizaci\u00f3n de actividades econ\u00f3micas, desde el inicio del proyecto hasta su implantaci\u00f3n operativa y posterior adaptaci\u00f3n normativa. Te ayudamos a gestionar la complejidad de los procedimientos administrativos (licencias, comunicaciones, declaraciones responsables), evitar errores costosos y acelerar los tr\u00e1mites con soluciones eficientes y adaptadas a cada caso.<\/div>[\/vc_column_inner][\/vc_row_inner][vc_row_inner row_type=\u00bbrow\u00bb type=\u00bbfull_width\u00bb text_align=\u00bbleft\u00bb css_animation=\u00bb\u00bb][vc_column_inner offset=\u00bbvc_hidden-lg vc_hidden-md vc_hidden-sm\u00bb]<div class=\"custom_font_holder \" style=\" font-style: italic; font-weight: 400; color: #4D4D4D; text-decoration: none; text-align: left; --qode-cf-font-size: 15px; --qode-cf-line-height: 16px; --qode-cf-font-size-1440: 15px; --qode-cf-line-height-1440: 16px; --qode-cf-font-size-1366: 15px; --qode-cf-line-height-1366: 16px; --qode-cf-font-size-1280: 15px; --qode-cf-line-height-1280: 16px; --qode-cf-font-size-1024: 15px; --qode-cf-line-height-1024: 16px; --qode-cf-font-size-768: 15px; --qode-cf-line-height-768: 16px; --qode-cf-font-size-680: 15px; --qode-cf-line-height-680: 16px; --qode-cf-font-size-480: 15px; --qode-cf-line-height-480: 16px;\">En Consultor\u00eda T\u00e9cnica Transversal acompa\u00f1amos al emprendedor ya las empresas en todas las fases de legalizaci\u00f3n de actividades econ\u00f3micas, desde el inicio del proyecto hasta su implantaci\u00f3n operativa y posterior adaptaci\u00f3n normativa. Te ayudamos a gestionar la complejidad de los procedimientos administrativos (licencias, comunicaciones, declaraciones responsables), evitar errores costosos y acelerar los tr\u00e1mites con soluciones eficientes y adaptadas a cada caso.<\/div>[\/vc_column_inner][\/vc_row_inner][\/vc_column][\/vc_row][vc_row css_animation=\u00bb\u00bb row_type=\u00bbrow\u00bb use_row_as_full_screen_section=\u00bbno\u00bb type=\u00bbgrid\u00bb angled_section=\u00bbno\u00bb text_align=\u00bbleft\u00bb background_image_as_pattern=\u00bbwithout_pattern\u00bb z_index=\u00bb\u00bb padding_bottom=\u00bb25&#8243;][vc_column width=\u00bb2\/3&#8243;][vc_separator type=\u00bbnormal\u00bb color=\u00bb#A51226&#8243; thickness=\u00bb10&#8243; up=\u00bb0&#8243; down=\u00bb0&#8243;][vc_single_image image=\u00bb16627&#8243; img_size=\u00bbfull\u00bb css=\u00bb\u00bb qode_css_animation=\u00bb\u00bb][vc_empty_space height=\u00bb25&#8243;][vc_column_text css=\u00bb\u00bb]<\/p>\n<h3>Hacemos posible todo tipo de actividades<\/h3>\n<p>[\/vc_column_text][vc_empty_space height=\u00bb25&#8243;][vc_column_text css=\u00bb\u00bb]En Consultor\u00eda T\u00e9cnica Transversal ofrecemos un servicio integral de legalizaci\u00f3n de actividades econ\u00f3micas, acompa\u00f1\u00e1ndote desde la fase inicial hasta su puesta en funcionamiento. Realizamos la evaluaci\u00f3n previa de viabilidad, identificamos todos los requisitos t\u00e9cnicos, sanitarios, ambientales y de seguridad, y desarrollamos la documentaci\u00f3n necesaria para que tu actividad cumpla con la normativa vigente.<\/p>\n<p>&nbsp;<\/p>\n<p>Preparamos proyectos t\u00e9cnicos, declaraciones responsables, comunicaciones previas, certificados y toda la documentaci\u00f3n para justificar medidas de incendios, accesibilidad, impacto ac\u00fastico, iluminaci\u00f3n, instalaciones t\u00e9cnicas y minimizaci\u00f3n de impacto ambiental. Tambi\u00e9n redactamos PAU y planes de emergencia, gestionamos cambios de nombre, ampliaciones, adecuaciones y certificados de compatibilidad urban\u00edstica.<\/p>\n<p>&nbsp;<\/p>\n<p>Ofrecemos servicios espec\u00edficos como la evaluaci\u00f3n de ruidos, certificaciones ambientales, dise\u00f1o de entornos saludables, proyectos de actividades nuevas o modificaciones, inmersiones en normativa sectorial y soporte durante toda la tramitaci\u00f3n frente a la Administraci\u00f3n.<\/p>\n<p>&nbsp;<\/p>\n<p>Con un equipo t\u00e9cnico acreditado y experimentado, garantizamos un proceso eficiente, seguro y ajustado a la normativa. Facilitamos que tu actividad se implante o modifique con rapidez, seguridad y total cumplimiento legal.[\/vc_column_text][vc_empty_space height=\u00bb50&#8243;][\/vc_column][vc_column width=\u00bb1\/3&#8243;][qode_elements_holder number_of_columns=\u00bbone_column\u00bb][qode_elements_holder_item advanced_animations=\u00bbno\u00bb background_color=\u00bb#A51226&#8243; item_padding=\u00bb75px 25px 75px 50px\u00bb]<div class=\"custom_font_holder \" style=\" font-style: normal; font-weight: 600; color: #FFFFFF; text-decoration: none; text-align: left; --qode-cf-font-size: 20px; --qode-cf-line-height: 26px; --qode-cf-font-size-1440: 20px; --qode-cf-line-height-1440: 26px; --qode-cf-font-size-1366: 20px; --qode-cf-line-height-1366: 26px; --qode-cf-font-size-1280: 20px; --qode-cf-line-height-1280: 26px; --qode-cf-font-size-1024: 20px; --qode-cf-line-height-1024: 26px; --qode-cf-font-size-768: 20px; --qode-cf-line-height-768: 26px; --qode-cf-font-size-680: 20px; --qode-cf-line-height-680: 26px; --qode-cf-font-size-480: 20px; --qode-cf-line-height-480: 26px;\"><strong>\u00bfPor qu\u00e9 confiar en nosotros?<\/strong><br \/>\nContamos con expertos t\u00e9cnicos que integran conocimiento normativo, soporte administrativo y enfoque pr\u00e1ctico para garantizar que tu actividad se implante o modifique con seguridad y cumplimiento legal, minimizando riesgos y tiempo de tramitaci\u00f3n.<\/div>[vc_empty_space height=\u00bb75&#8243;]<a  itemprop=\"url\" href=\"\/contacte\" target=\"_self\" data-hover-background-color=\"#1A1A1A\" data-hover-border-color=\"#1A1A1A\" data-hover-color=\"#FFFFFF\" class=\"qbutton  default\" style=\"color: #1A1A1A; border-color: #FFFFFF; background-color:#FFFFFF;\">CONTACTA'NS<\/a>[\/qode_elements_holder_item][\/qode_elements_holder][vc_empty_space height=\u00bb50&#8243;][\/vc_column][\/vc_row][vc_row css_animation=\u00bb\u00bb row_type=\u00bbrow\u00bb use_row_as_full_screen_section=\u00bbno\u00bb type=\u00bbgrid\u00bb angled_section=\u00bbno\u00bb text_align=\u00bbleft\u00bb background_image_as_pattern=\u00bbwithout_pattern\u00bb z_index=\u00bb\u00bb padding_bottom=\u00bb75&#8243;][vc_column][vc_separator type=\u00bbnormal\u00bb color=\u00bb#A51226&#8243; thickness=\u00bb10&#8243; up=\u00bb0&#8243; down=\u00bb0&#8243;][vc_empty_space height=\u00bb25&#8243;][vc_column_text css=\u00bb\u00bb]<\/p>\n<h3>Resumen de nuestros servicios de legalizaci\u00f3n de actividades<\/h3>\n<p>[\/vc_column_text][vc_empty_space height=\u00bb25&#8243;][vc_column_text css=\u00bb\u00bb]Cont\u00e1ctanos y te proporcionaremos un <strong data-start=\"5823\" data-end=\"5853\">plan de legalizaci\u00f3n a medida<\/strong>, r\u00e1pido y eficiente, alineado con la normativa estatal y local.[\/vc_column_text][vc_empty_space height=\u00bb50&#8243;][vc_row_inner row_type=\u00bbrow\u00bb type=\u00bbfull_width\u00bb text_align=\u00bbleft\u00bb css_animation=\u00bb\u00bb][vc_column_inner width=\u00bb1\/3&#8243;][vc_column_text css=\u00bb\u00bb]<\/p>\n<h4>Medidas de incendios<\/h4>\n<p>Elaboramos la documentaci\u00f3n t\u00e9cnica para justificar la implantaci\u00f3n de las medidas m\u00ednimas de lucha contra incendios exigibles para nuevas actividades, asegurando el cumplimiento de normas de seguridad y prevenci\u00f3n.<\/p>\n<p>&nbsp;<\/p>\n<h4>Dise\u00f1o de entornos con necesidades sanitarias<\/h4>\n<p>Proponemos mejoras t\u00e9cnicas para garantizar espacios de trabajo saludables y libres de contaminantes, ajustados a los requisitos sanitarios vigentes.<\/p>\n<p>&nbsp;<\/p>\n<h4>Elaboraci\u00f3n de declaraci\u00f3n responsable<\/h4>\n<p>Preparaci\u00f3n completa de la documentaci\u00f3n para la Declaraci\u00f3n Responsable, incluyendo todos los requerimientos t\u00e9cnicos y administrativos a presentar ante la Administraci\u00f3n.<\/p>\n<p>&nbsp;<\/p>\n<h4>Proyectos de actividades de nueva implantaci\u00f3n o modificaci\u00f3n<\/h4>\n<p>Redacci\u00f3n de proyectos t\u00e9cnicos detallados para justificar la implantaci\u00f3n o cambio de actividad, asegurando el cumplimiento de todas las prescripciones t\u00e9cnicas legales.<\/p>\n<p>&nbsp;<\/p>\n<h4>Plan de Autoprotecci\u00f3n (PAU) y Duprocim<\/h4>\n<p>Dise\u00f1amos, presentamos e implantamos Planes de Emergencia y Autoprotecci\u00f3n (PAU) adaptados a cada actividad, con seguimiento y presentaci\u00f3n ante las autoridades competentes.<\/p>\n<p>&nbsp;<\/p>\n<h4>Dise\u00f1o de entornos accesibles<\/h4>\n<p>Analizamos y proponemos mejoras para garantizar que los espacios cumplan los requisitos de accesibilidad universal seg\u00fan normativa.[\/vc_column_text][vc_empty_space height=\u00bb25&#8243;][\/vc_column_inner][vc_column_inner width=\u00bb1\/3&#8243;][vc_column_text css=\u00bb\u00bb]<\/p>\n<h4>Evaluaci\u00f3n de ruidos<\/h4>\n<p>Medimos los niveles de ruido generados por la actividad (mejores pr\u00e1cticas e informes t\u00e9cnicos) para asegurar condiciones ac\u00fasticas conformes.<\/p>\n<p>&nbsp;<\/p>\n<h4>Estudio de impacto lum\u00ednico<\/h4>\n<p>Analizamos la iluminaci\u00f3n del puesto de trabajo y la eficiencia energ\u00e9tica, definiendo las necesidades m\u00ednimas y m\u00e1ximas por ajuste a normativas t\u00e9cnicas.<\/p>\n<p>&nbsp;<\/p>\n<h4>Implantaci\u00f3n de medidas para minimizaci\u00f3n del impacto en el medio<\/h4>\n<p>Proponemos equipos y pautas de trabajo para reducir el impacto ambiental de la actividad, en l\u00ednea con criterios de sostenibilidad.<\/p>\n<p>&nbsp;<\/p>\n<h4>Proyecci\u00f3n de instalaciones t\u00e9cnicas<\/h4>\n<p>Definimos las instalaciones de servicio necesarias seg\u00fan criterios t\u00e9cnicos y requerimientos de normativa sectorial.<\/p>\n<p>&nbsp;<\/p>\n<h4>Preparaci\u00f3n de oficios y solicitudes<\/h4>\n<p>Redacci\u00f3n de toda la documentaci\u00f3n para solicitar modificaciones de actividad, cambios de nombre, obras menores, ampliaciones por cumplir normativa, o certificados de compatibilidad urban\u00edstica (CCU).<\/p>\n<p>&nbsp;<\/p>\n<h4>Certificaciones ambientales<\/h4>\n<p>Evaluaci\u00f3n, seguimiento y emisi\u00f3n de informes de aspectos ambientales con incidencia en la actividad, para garantizar el cumplimiento de requisitos medioambientales.[\/vc_column_text][vc_empty_space height=\u00bb25&#8243;][\/vc_column_inner][vc_column_inner width=\u00bb1\/3&#8243;][vc_column_text css=\u00bb\u00bb]<\/p>\n<h4>Certificados de incendios<\/h4>\n<p>Redacci\u00f3n y emisi\u00f3n de informes t\u00e9cnicos sobre prevenci\u00f3n de incendios, ajustados a las normas de seguridad de instalaciones.<\/p>\n<p>&nbsp;<\/p>\n<h4>Comunicaci\u00f3n previa de actividades<\/h4>\n<p>Elaboraci\u00f3n completa de la carpeta de comunicaci\u00f3n previa, incluyendo todos los requisitos exigidos por la autoridad competente.<\/p>\n<p>&nbsp;<\/p>\n<h4>Acompa\u00f1amiento frente a la administraci\u00f3n<\/h4>\n<p>Asesoramiento y soporte t\u00e9cnico durante la tramitaci\u00f3n de expedientes ante la administraci\u00f3n, resoluci\u00f3n de incidencias y refuerzo documental.<\/p>\n<p>&nbsp;<\/p>\n<h4>Clausura o caducidad de derechos<\/h4>\n<p>Preparaci\u00f3n de documentaci\u00f3n para la comunicaci\u00f3n de clausura o caducidad de derechos de explotaci\u00f3n cuando una actividad finalice o se cierra.[\/vc_column_text][vc_empty_space height=\u00bb50&#8243;]<a  itemprop=\"url\" href=\"\/es\/contacto\" target=\"_self\"  class=\"qbutton  default\" style=\"\">CONT\u00c1CTANOS<\/a>[vc_empty_space height=\u00bb25&#8243;][\/vc_column_inner][\/vc_row_inner][\/vc_column][\/vc_row]<\/p>\n<\/div>","protected":false},"excerpt":{"rendered":"<p>[vc_row css_animation=\u00bb\u00bb row_type=\u00bbrow\u00bb use_row_as_full_screen_section=\u00bbno\u00bb type=\u00bbfull_width\u00bb angled_section=\u00bbno\u00bb text_align=\u00bbleft\u00bb background_image_as_pattern=\u00bbwithout_pattern\u00bb z_index=\u00bb\u00bb padding_bottom=\u00bb50&#8243;][vc_column][vc_single_image image=\u00bb16625&#8243; img_size=\u00bbfull\u00bb alignment=\u00bbcenter\u00bb css=\u00bb\u00bb qode_css_animation=\u00bb\u00bb][\/vc_column][\/vc_row][vc_row css_animation=\u00bb\u00bb row_type=\u00bbrow\u00bb use_row_as_full_screen_section=\u00bbno\u00bb type=\u00bbgrid\u00bb angled_section=\u00bbno\u00bb text_align=\u00bbleft\u00bb background_image_as_pattern=\u00bbwithout_pattern\u00bb padding_bottom=\u00bb75&#8243; z_index=\u00bb\u00bb css=\u00bb.vc_custom_1758873102283{margin-top: -20px !important;padding-top: -20px !important;background-color: #ffffff !important;}\u00bb][vc_column css=\u00bb.vc_custom_1758194804783{padding-right: 10% !important;}\u00bb][vc_column_text css=\u00bb\u00bb] LEGALIZACI\u00d3N DE ACTIVIDADES, PROYECTOS T\u00c9CNICOS Y TRAMITACI\u00d3N ADMINISTRATIVA [\/vc_column_text][vc_empty_space height=\u00bb10&#8243;][vc_column_text&#8230;<\/p>\n","protected":false},"author":1,"featured_media":0,"parent":16810,"menu_order":0,"comment_status":"closed","ping_status":"closed","template":"full_width.php","meta":{"footnotes":""},"class_list":["post-16852","page","type-page","status-publish","hentry"],"_links":{"self":[{"href":"https:\/\/www.consultoriatt.com\/es\/wp-json\/wp\/v2\/pages\/16852","targetHints":{"allow":["GET"]}}],"collection":[{"href":"https:\/\/www.consultoriatt.com\/es\/wp-json\/wp\/v2\/pages"}],"about":[{"href":"https:\/\/www.consultoriatt.com\/es\/wp-json\/wp\/v2\/types\/page"}],"author":[{"embeddable":true,"href":"https:\/\/www.consultoriatt.com\/es\/wp-json\/wp\/v2\/users\/1"}],"replies":[{"embeddable":true,"href":"https:\/\/www.consultoriatt.com\/es\/wp-json\/wp\/v2\/comments?post=16852"}],"version-history":[{"count":5,"href":"https:\/\/www.consultoriatt.com\/es\/wp-json\/wp\/v2\/pages\/16852\/revisions"}],"predecessor-version":[{"id":16857,"href":"https:\/\/www.consultoriatt.com\/es\/wp-json\/wp\/v2\/pages\/16852\/revisions\/16857"}],"up":[{"embeddable":true,"href":"https:\/\/www.consultoriatt.com\/es\/wp-json\/wp\/v2\/pages\/16810"}],"wp:attachment":[{"href":"https:\/\/www.consultoriatt.com\/es\/wp-json\/wp\/v2\/media?parent=16852"}],"curies":[{"name":"wp","href":"https:\/\/api.w.org\/{rel}","templated":true}]}}